{"id":5743,"date":"2023-09-14T09:30:03","date_gmt":"2023-09-14T07:30:03","guid":{"rendered":"https:\/\/www.stellaboschilaguna.it\/?page_id=5743"},"modified":"2023-09-14T09:50:05","modified_gmt":"2023-09-14T07:50:05","slug":"strategia-di-cooperazione-programma-sviluppo-rurale","status":"publish","type":"page","link":"https:\/\/www.stellaboschilaguna.it\/it\/strategia-di-cooperazione-programma-sviluppo-rurale\/","title":{"rendered":"Strategia di cooperazione programma sviluppo rurale"},"content":{"rendered":"\t\t<div data-elementor-type=\"wp-page\" data-elementor-id=\"5743\" class=\"elementor elementor-5743\" data-elementor-post-type=\"page\">\n\t\t\t\t\t\t<section class=\"elementor-section elementor-top-section elementor-element elementor-element-baf05f4 elementor-section-full_width box-categoria-itinerario elementor-section-height-default elementor-section-height-default\" data-id=\"baf05f4\" data-element_type=\"section\" data-e-type=\"section\">\n\t\t\t\t\t\t<div class=\"elementor-container elementor-column-gap-default\">\n\t\t\t\t\t<div class=\"elementor-column elementor-col-100 elementor-top-column elementor-element elementor-element-ec40b3d\" data-id=\"ec40b3d\" data-element_type=\"column\" data-e-type=\"column\">\n\t\t\t<div class=\"elementor-widget-wrap elementor-element-populated\">\n\t\t\t\t\t\t<div class=\"elementor-element elementor-element-c456352 elementor-widget elementor-widget-image\" data-id=\"c456352\" data-element_type=\"widget\" data-e-type=\"widget\" data-widget_type=\"image.default\">\n\t\t\t\t<div class=\"elementor-widget-container\">\n\t\t\t\t\t\t\t\t\t\t\t\t\t\t\t<img fetchpriority=\"high\" decoding=\"async\" width=\"1920\" height=\"1279\" src=\"https:\/\/www.stellaboschilaguna.it\/wp-content\/uploads\/2022\/05\/stai-home.jpg\" class=\"attachment-full size-full wp-image-878\" alt=\"\" srcset=\"https:\/\/www.stellaboschilaguna.it\/wp-content\/uploads\/2022\/05\/stai-home.jpg 1920w, https:\/\/www.stellaboschilaguna.it\/wp-content\/uploads\/2022\/05\/stai-home-300x200.jpg 300w, https:\/\/www.stellaboschilaguna.it\/wp-content\/uploads\/2022\/05\/stai-home-1024x682.jpg 1024w, https:\/\/www.stellaboschilaguna.it\/wp-content\/uploads\/2022\/05\/stai-home-768x512.jpg 768w, https:\/\/www.stellaboschilaguna.it\/wp-content\/uploads\/2022\/05\/stai-home-1536x1023.jpg 1536w\" sizes=\"(max-width: 1920px) 100vw, 1920px\" \/>\t\t\t\t\t\t\t\t\t\t\t\t\t\t\t<\/div>\n\t\t\t\t<\/div>\n\t\t\t\t<section class=\"elementor-section elementor-inner-section elementor-element elementor-element-cd63a7c elementor-section-boxed elementor-section-height-default elementor-section-height-default\" data-id=\"cd63a7c\" data-element_type=\"section\" data-e-type=\"section\" data-settings=\"{&quot;background_background&quot;:&quot;classic&quot;}\">\n\t\t\t\t\t\t<div class=\"elementor-container elementor-column-gap-default\">\n\t\t\t\t\t<div class=\"elementor-column elementor-col-100 elementor-inner-column elementor-element elementor-element-685cb4c\" data-id=\"685cb4c\" data-element_type=\"column\" data-e-type=\"column\">\n\t\t\t<div class=\"elementor-widget-wrap elementor-element-populated\">\n\t\t\t\t\t\t<div class=\"elementor-element elementor-element-5ed5a3f elementor-widget elementor-widget-heading\" data-id=\"5ed5a3f\" data-element_type=\"widget\" data-e-type=\"widget\" data-widget_type=\"heading.default\">\n\t\t\t\t<div class=\"elementor-widget-container\">\n\t\t\t\t\t<h2 class=\"elementor-heading-title elementor-size-default\">PSR 2014 -2020<\/h2>\t\t\t\t<\/div>\n\t\t\t\t<\/div>\n\t\t\t\t<div class=\"elementor-element elementor-element-836b616 elementor-widget elementor-widget-text-editor\" data-id=\"836b616\" data-element_type=\"widget\" data-e-type=\"widget\" data-widget_type=\"text-editor.default\">\n\t\t\t\t<div class=\"elementor-widget-container\">\n\t\t\t\t\t\t\t\t\tIl progetto<b> STAI \u201cStella, Boschi, Laguna<\/b>: un territorio naturale e rurale, un\u2019identit\u00e0 come risorsa\u201d \u00e8 stato ammesso a finanziamento nell\u2019ambito del Programma di Sviluppo Rurale della Regione Autonoma Friuli Venezia Giulia come Strategia di cooperazione per lo sviluppo territoriale.\t\t\t\t\t\t\t\t<\/div>\n\t\t\t\t<\/div>\n\t\t\t\t<div class=\"elementor-element elementor-element-32a7d7d elementor-widget elementor-widget-button\" data-id=\"32a7d7d\" data-element_type=\"widget\" data-e-type=\"widget\" data-widget_type=\"button.default\">\n\t\t\t\t<div class=\"elementor-widget-container\">\n\t\t\t\t\t\t\t\t\t<div class=\"elementor-button-wrapper\">\n\t\t\t\t\t<a class=\"elementor-button elementor-button-link elementor-size-sm elementor-animation-grow\" href=\"#\">\n\t\t\t\t\t\t<span class=\"elementor-button-content-wrapper\">\n\t\t\t\t\t\t\t\t\t<span class=\"elementor-button-text\">Scopri di pi\u00f9<\/span>\n\t\t\t\t\t<\/span>\n\t\t\t\t\t<\/a>\n\t\t\t\t<\/div>\n\t\t\t\t\t\t\t\t<\/div>\n\t\t\t\t<\/div>\n\t\t\t\t\t<\/div>\n\t\t<\/div>\n\t\t\t\t\t<\/div>\n\t\t<\/section>\n\t\t\t\t\t<\/div>\n\t\t<\/div>\n\t\t\t\t\t<\/div>\n\t\t<\/section>\n\t\t\t\t<section class=\"elementor-section elementor-top-section elementor-element elementor-element-46ab031 elementor-section-boxed elementor-section-height-default elementor-section-height-default\" data-id=\"46ab031\" data-element_type=\"section\" data-e-type=\"section\">\n\t\t\t\t\t\t<div class=\"elementor-container elementor-column-gap-default\">\n\t\t\t\t\t<div class=\"elementor-column elementor-col-100 elementor-top-column elementor-element elementor-element-1508615\" data-id=\"1508615\" data-element_type=\"column\" data-e-type=\"column\">\n\t\t\t<div class=\"elementor-widget-wrap elementor-element-populated\">\n\t\t\t\t\t\t<div class=\"elementor-element elementor-element-8e0eae5 elementor-widget elementor-widget-spacer\" data-id=\"8e0eae5\" data-element_type=\"widget\" data-e-type=\"widget\" data-widget_type=\"spacer.default\">\n\t\t\t\t<div class=\"elementor-widget-container\">\n\t\t\t\t\t\t\t<div class=\"elementor-spacer\">\n\t\t\t<div class=\"elementor-spacer-inner\"><\/div>\n\t\t<\/div>\n\t\t\t\t\t\t<\/div>\n\t\t\t\t<\/div>\n\t\t\t\t<div class=\"elementor-element elementor-element-8d7083d elementor-widget elementor-widget-text-editor\" data-id=\"8d7083d\" data-element_type=\"widget\" data-e-type=\"widget\" data-widget_type=\"text-editor.default\">\n\t\t\t\t<div class=\"elementor-widget-container\">\n\t\t\t\t\t\t\t\t\t<p>Capofila della Strategia \u00e8 il Comune di Muzzana del Turgnano che collabora con altri 53 partner di cui 11 Comuni della Bassa Friulana, 9 partner istituzionali, 33 partner privati.<\/p><p>I dodici Comuni si sono impegnati realizzazione di un Circuito di fruizione turistica integrata attraverso interventi per la mobilit\u00e0 dolce come la sistemazione di percorsi esistenti, la creazione di aree di sosta o di approdi lungo i corsi d\u2019acqua.<\/p><p>I numerosi partner privati, perlopi\u00f9 aziende situate in prossimit\u00e0 del Circuito, propongono invece investimenti puntuali per migliorare la produttivit\u00e0 aziendale e l\u2019offerta turistico-ricettiva.<\/p><p>Completano il programma le attivit\u00e0 di animazione, promozione e divulgazione del territorio che mirano a far crescere sotto tutti i punti di vista l\u2019ambito di riferimento della Strategia.<\/p>\t\t\t\t\t\t\t\t<\/div>\n\t\t\t\t<\/div>\n\t\t\t\t<div class=\"elementor-element elementor-element-105fe9f elementor-widget elementor-widget-spacer\" data-id=\"105fe9f\" data-element_type=\"widget\" data-e-type=\"widget\" data-widget_type=\"spacer.default\">\n\t\t\t\t<div class=\"elementor-widget-container\">\n\t\t\t\t\t\t\t<div class=\"elementor-spacer\">\n\t\t\t<div class=\"elementor-spacer-inner\"><\/div>\n\t\t<\/div>\n\t\t\t\t\t\t<\/div>\n\t\t\t\t<\/div>\n\t\t\t\t\t<\/div>\n\t\t<\/div>\n\t\t\t\t\t<\/div>\n\t\t<\/section>\n\t\t\t\t<\/div>\n\t\t","protected":false},"excerpt":{"rendered":"<p>PSR 2014 -2020 Il progetto STAI \u201cStella, Boschi, Laguna: un territorio naturale e rurale, un\u2019identit\u00e0 come risorsa\u201d \u00e8 stato ammesso a finanziamento nell\u2019ambito del Programma di Sviluppo Rurale della Regione Autonoma Friuli Venezia Giulia come Strategia di cooperazione per lo sviluppo territoriale. Scopri di pi\u00f9 Capofila della Strategia \u00e8 il Comune di Muzzana del Turgnano [&hellip;]<\/p>\n","protected":false},"author":1,"featured_media":0,"parent":0,"menu_order":0,"comment_status":"closed","ping_status":"closed","template":"","meta":{"_acf_changed":false,"footnotes":""},"class_list":["post-5743","page","type-page","status-publish","hentry"],"acf":[],"yoast_head":"<!-- This site is optimized with the Yoast SEO plugin v27.5 - https:\/\/yoast.com\/product\/yoast-seo-wordpress\/ -->\n<title>Strategia di cooperazione programma sviluppo rurale - Stella Boschi Laguna<\/title>\n<meta name=\"robots\" content=\"index, follow, max-snippet:-1, max-image-preview:large, max-video-preview:-1\" \/>\n<link rel=\"canonical\" href=\"https:\/\/www.stellaboschilaguna.it\/it\/strategia-di-cooperazione-programma-sviluppo-rurale\/\" \/>\n<meta property=\"og:locale\" content=\"it_IT\" \/>\n<meta property=\"og:type\" content=\"article\" \/>\n<meta property=\"og:title\" content=\"Strategia di cooperazione programma sviluppo rurale - Stella Boschi Laguna\" \/>\n<meta property=\"og:description\" content=\"PSR 2014 -2020 Il progetto STAI \u201cStella, Boschi, Laguna: un territorio naturale e rurale, un\u2019identit\u00e0 come risorsa\u201d \u00e8 stato ammesso a finanziamento nell\u2019ambito del Programma di Sviluppo Rurale della Regione Autonoma Friuli Venezia Giulia come Strategia di cooperazione per lo sviluppo territoriale. Scopri di pi\u00f9 Capofila della Strategia \u00e8 il Comune di Muzzana del Turgnano [&hellip;]\" \/>\n<meta property=\"og:url\" content=\"https:\/\/www.stellaboschilaguna.it\/it\/strategia-di-cooperazione-programma-sviluppo-rurale\/\" \/>\n<meta property=\"og:site_name\" content=\"Stella Boschi Laguna\" \/>\n<meta property=\"article:publisher\" content=\"https:\/\/www.facebook.com\/stellaboschilaguna\" \/>\n<meta property=\"article:modified_time\" content=\"2023-09-14T07:50:05+00:00\" \/>\n<meta property=\"og:image\" content=\"https:\/\/www.stellaboschilaguna.it\/wp-content\/uploads\/2022\/05\/stai-home.jpg\" \/>\n<meta name=\"twitter:card\" content=\"summary_large_image\" \/>\n<meta name=\"twitter:label1\" content=\"Tempo di lettura stimato\" \/>\n\t<meta name=\"twitter:data1\" content=\"2 minuti\" \/>\n<script type=\"application\/ld+json\" class=\"yoast-schema-graph\">{\"@context\":\"https:\\\/\\\/schema.org\",\"@graph\":[{\"@type\":\"WebPage\",\"@id\":\"https:\\\/\\\/www.stellaboschilaguna.it\\\/it\\\/strategia-di-cooperazione-programma-sviluppo-rurale\\\/\",\"url\":\"https:\\\/\\\/www.stellaboschilaguna.it\\\/it\\\/strategia-di-cooperazione-programma-sviluppo-rurale\\\/\",\"name\":\"Strategia di cooperazione programma sviluppo rurale - Stella Boschi Laguna\",\"isPartOf\":{\"@id\":\"https:\\\/\\\/www.stellaboschilaguna.it\\\/it\\\/#website\"},\"primaryImageOfPage\":{\"@id\":\"https:\\\/\\\/www.stellaboschilaguna.it\\\/it\\\/strategia-di-cooperazione-programma-sviluppo-rurale\\\/#primaryimage\"},\"image\":{\"@id\":\"https:\\\/\\\/www.stellaboschilaguna.it\\\/it\\\/strategia-di-cooperazione-programma-sviluppo-rurale\\\/#primaryimage\"},\"thumbnailUrl\":\"https:\\\/\\\/www.stellaboschilaguna.it\\\/wp-content\\\/uploads\\\/2022\\\/05\\\/stai-home.jpg\",\"datePublished\":\"2023-09-14T07:30:03+00:00\",\"dateModified\":\"2023-09-14T07:50:05+00:00\",\"breadcrumb\":{\"@id\":\"https:\\\/\\\/www.stellaboschilaguna.it\\\/it\\\/strategia-di-cooperazione-programma-sviluppo-rurale\\\/#breadcrumb\"},\"inLanguage\":\"it-IT\",\"potentialAction\":[{\"@type\":\"ReadAction\",\"target\":[\"https:\\\/\\\/www.stellaboschilaguna.it\\\/it\\\/strategia-di-cooperazione-programma-sviluppo-rurale\\\/\"]}]},{\"@type\":\"ImageObject\",\"inLanguage\":\"it-IT\",\"@id\":\"https:\\\/\\\/www.stellaboschilaguna.it\\\/it\\\/strategia-di-cooperazione-programma-sviluppo-rurale\\\/#primaryimage\",\"url\":\"https:\\\/\\\/www.stellaboschilaguna.it\\\/wp-content\\\/uploads\\\/2022\\\/05\\\/stai-home.jpg\",\"contentUrl\":\"https:\\\/\\\/www.stellaboschilaguna.it\\\/wp-content\\\/uploads\\\/2022\\\/05\\\/stai-home.jpg\"},{\"@type\":\"BreadcrumbList\",\"@id\":\"https:\\\/\\\/www.stellaboschilaguna.it\\\/it\\\/strategia-di-cooperazione-programma-sviluppo-rurale\\\/#breadcrumb\",\"itemListElement\":[{\"@type\":\"ListItem\",\"position\":1,\"name\":\"Home\",\"item\":\"https:\\\/\\\/www.stellaboschilaguna.it\\\/it\\\/\"},{\"@type\":\"ListItem\",\"position\":2,\"name\":\"Strategia di cooperazione programma sviluppo rurale\"}]},{\"@type\":\"WebSite\",\"@id\":\"https:\\\/\\\/www.stellaboschilaguna.it\\\/it\\\/#website\",\"url\":\"https:\\\/\\\/www.stellaboschilaguna.it\\\/it\\\/\",\"name\":\"Stella Boschi Laguna\",\"description\":\"Un percorso cicloturistico, enogastronomico e naturalistico\",\"publisher\":{\"@id\":\"https:\\\/\\\/www.stellaboschilaguna.it\\\/it\\\/#organization\"},\"potentialAction\":[{\"@type\":\"SearchAction\",\"target\":{\"@type\":\"EntryPoint\",\"urlTemplate\":\"https:\\\/\\\/www.stellaboschilaguna.it\\\/it\\\/?s={search_term_string}\"},\"query-input\":{\"@type\":\"PropertyValueSpecification\",\"valueRequired\":true,\"valueName\":\"search_term_string\"}}],\"inLanguage\":\"it-IT\"},{\"@type\":\"Organization\",\"@id\":\"https:\\\/\\\/www.stellaboschilaguna.it\\\/it\\\/#organization\",\"name\":\"Stella Boschi Laguna\",\"url\":\"https:\\\/\\\/www.stellaboschilaguna.it\\\/it\\\/\",\"logo\":{\"@type\":\"ImageObject\",\"inLanguage\":\"it-IT\",\"@id\":\"https:\\\/\\\/www.stellaboschilaguna.it\\\/it\\\/#\\\/schema\\\/logo\\\/image\\\/\",\"url\":\"https:\\\/\\\/www.stellaboschilaguna.it\\\/wp-content\\\/uploads\\\/2022\\\/05\\\/cropped-stai-logo.png\",\"contentUrl\":\"https:\\\/\\\/www.stellaboschilaguna.it\\\/wp-content\\\/uploads\\\/2022\\\/05\\\/cropped-stai-logo.png\",\"width\":350,\"height\":152,\"caption\":\"Stella Boschi Laguna\"},\"image\":{\"@id\":\"https:\\\/\\\/www.stellaboschilaguna.it\\\/it\\\/#\\\/schema\\\/logo\\\/image\\\/\"},\"sameAs\":[\"https:\\\/\\\/www.facebook.com\\\/stellaboschilaguna\",\"https:\\\/\\\/www.instagram.com\\\/stellaboschilaguna\\\/\",\"https:\\\/\\\/www.youtube.com\\\/channel\\\/UCpVVq2T57dxv_AUp0rMdKow\\\/about\"]}]}<\/script>\n<!-- \/ Yoast SEO plugin. -->","yoast_head_json":{"title":"Strategia di cooperazione programma sviluppo rurale - Stella Boschi Laguna","robots":{"index":"index","follow":"follow","max-snippet":"max-snippet:-1","max-image-preview":"max-image-preview:large","max-video-preview":"max-video-preview:-1"},"canonical":"https:\/\/www.stellaboschilaguna.it\/it\/strategia-di-cooperazione-programma-sviluppo-rurale\/","og_locale":"it_IT","og_type":"article","og_title":"Strategia di cooperazione programma sviluppo rurale - Stella Boschi Laguna","og_description":"PSR 2014 -2020 Il progetto STAI \u201cStella, Boschi, Laguna: un territorio naturale e rurale, un\u2019identit\u00e0 come risorsa\u201d \u00e8 stato ammesso a finanziamento nell\u2019ambito del Programma di Sviluppo Rurale della Regione Autonoma Friuli Venezia Giulia come Strategia di cooperazione per lo sviluppo territoriale. Scopri di pi\u00f9 Capofila della Strategia \u00e8 il Comune di Muzzana del Turgnano [&hellip;]","og_url":"https:\/\/www.stellaboschilaguna.it\/it\/strategia-di-cooperazione-programma-sviluppo-rurale\/","og_site_name":"Stella Boschi Laguna","article_publisher":"https:\/\/www.facebook.com\/stellaboschilaguna","article_modified_time":"2023-09-14T07:50:05+00:00","og_image":[{"url":"https:\/\/www.stellaboschilaguna.it\/wp-content\/uploads\/2022\/05\/stai-home.jpg","type":"","width":"","height":""}],"twitter_card":"summary_large_image","twitter_misc":{"Tempo di lettura stimato":"2 minuti"},"schema":{"@context":"https:\/\/schema.org","@graph":[{"@type":"WebPage","@id":"https:\/\/www.stellaboschilaguna.it\/it\/strategia-di-cooperazione-programma-sviluppo-rurale\/","url":"https:\/\/www.stellaboschilaguna.it\/it\/strategia-di-cooperazione-programma-sviluppo-rurale\/","name":"Strategia di cooperazione programma sviluppo rurale - Stella Boschi Laguna","isPartOf":{"@id":"https:\/\/www.stellaboschilaguna.it\/it\/#website"},"primaryImageOfPage":{"@id":"https:\/\/www.stellaboschilaguna.it\/it\/strategia-di-cooperazione-programma-sviluppo-rurale\/#primaryimage"},"image":{"@id":"https:\/\/www.stellaboschilaguna.it\/it\/strategia-di-cooperazione-programma-sviluppo-rurale\/#primaryimage"},"thumbnailUrl":"https:\/\/www.stellaboschilaguna.it\/wp-content\/uploads\/2022\/05\/stai-home.jpg","datePublished":"2023-09-14T07:30:03+00:00","dateModified":"2023-09-14T07:50:05+00:00","breadcrumb":{"@id":"https:\/\/www.stellaboschilaguna.it\/it\/strategia-di-cooperazione-programma-sviluppo-rurale\/#breadcrumb"},"inLanguage":"it-IT","potentialAction":[{"@type":"ReadAction","target":["https:\/\/www.stellaboschilaguna.it\/it\/strategia-di-cooperazione-programma-sviluppo-rurale\/"]}]},{"@type":"ImageObject","inLanguage":"it-IT","@id":"https:\/\/www.stellaboschilaguna.it\/it\/strategia-di-cooperazione-programma-sviluppo-rurale\/#primaryimage","url":"https:\/\/www.stellaboschilaguna.it\/wp-content\/uploads\/2022\/05\/stai-home.jpg","contentUrl":"https:\/\/www.stellaboschilaguna.it\/wp-content\/uploads\/2022\/05\/stai-home.jpg"},{"@type":"BreadcrumbList","@id":"https:\/\/www.stellaboschilaguna.it\/it\/strategia-di-cooperazione-programma-sviluppo-rurale\/#breadcrumb","itemListElement":[{"@type":"ListItem","position":1,"name":"Home","item":"https:\/\/www.stellaboschilaguna.it\/it\/"},{"@type":"ListItem","position":2,"name":"Strategia di cooperazione programma sviluppo rurale"}]},{"@type":"WebSite","@id":"https:\/\/www.stellaboschilaguna.it\/it\/#website","url":"https:\/\/www.stellaboschilaguna.it\/it\/","name":"Stella Boschi Laguna","description":"Un percorso cicloturistico, enogastronomico e naturalistico","publisher":{"@id":"https:\/\/www.stellaboschilaguna.it\/it\/#organization"},"potentialAction":[{"@type":"SearchAction","target":{"@type":"EntryPoint","urlTemplate":"https:\/\/www.stellaboschilaguna.it\/it\/?s={search_term_string}"},"query-input":{"@type":"PropertyValueSpecification","valueRequired":true,"valueName":"search_term_string"}}],"inLanguage":"it-IT"},{"@type":"Organization","@id":"https:\/\/www.stellaboschilaguna.it\/it\/#organization","name":"Stella Boschi Laguna","url":"https:\/\/www.stellaboschilaguna.it\/it\/","logo":{"@type":"ImageObject","inLanguage":"it-IT","@id":"https:\/\/www.stellaboschilaguna.it\/it\/#\/schema\/logo\/image\/","url":"https:\/\/www.stellaboschilaguna.it\/wp-content\/uploads\/2022\/05\/cropped-stai-logo.png","contentUrl":"https:\/\/www.stellaboschilaguna.it\/wp-content\/uploads\/2022\/05\/cropped-stai-logo.png","width":350,"height":152,"caption":"Stella Boschi Laguna"},"image":{"@id":"https:\/\/www.stellaboschilaguna.it\/it\/#\/schema\/logo\/image\/"},"sameAs":["https:\/\/www.facebook.com\/stellaboschilaguna","https:\/\/www.instagram.com\/stellaboschilaguna\/","https:\/\/www.youtube.com\/channel\/UCpVVq2T57dxv_AUp0rMdKow\/about"]}]}},"_links":{"self":[{"href":"https:\/\/www.stellaboschilaguna.it\/it\/wp-json\/wp\/v2\/pages\/5743","targetHints":{"allow":["GET"]}}],"collection":[{"href":"https:\/\/www.stellaboschilaguna.it\/it\/wp-json\/wp\/v2\/pages"}],"about":[{"href":"https:\/\/www.stellaboschilaguna.it\/it\/wp-json\/wp\/v2\/types\/page"}],"author":[{"embeddable":true,"href":"https:\/\/www.stellaboschilaguna.it\/it\/wp-json\/wp\/v2\/users\/1"}],"replies":[{"embeddable":true,"href":"https:\/\/www.stellaboschilaguna.it\/it\/wp-json\/wp\/v2\/comments?post=5743"}],"version-history":[{"count":5,"href":"https:\/\/www.stellaboschilaguna.it\/it\/wp-json\/wp\/v2\/pages\/5743\/revisions"}],"predecessor-version":[{"id":5753,"href":"https:\/\/www.stellaboschilaguna.it\/it\/wp-json\/wp\/v2\/pages\/5743\/revisions\/5753"}],"wp:attachment":[{"href":"https:\/\/www.stellaboschilaguna.it\/it\/wp-json\/wp\/v2\/media?parent=5743"}],"curies":[{"name":"wp","href":"https:\/\/api.w.org\/{rel}","templated":true}]}}