{"id":6457,"date":"2022-11-28T09:26:03","date_gmt":"2022-11-28T08:26:03","guid":{"rendered":"https:\/\/www.stellaboschilaguna.it\/privacy-policy\/"},"modified":"2023-09-26T15:29:46","modified_gmt":"2023-09-26T13:29:46","slug":"privacy-policy","status":"publish","type":"page","link":"https:\/\/www.stellaboschilaguna.it\/en\/privacy-policy\/","title":{"rendered":"Privacy policy"},"content":{"rendered":"\t\t<div data-elementor-type=\"wp-page\" data-elementor-id=\"6457\" class=\"elementor elementor-6457 elementor-4825\" data-elementor-post-type=\"page\">\n\t\t\t\t\t\t<section class=\"elementor-section elementor-top-section elementor-element elementor-element-428ac5c elementor-section-full_width box-categoria-itinerario elementor-section-height-default elementor-section-height-default\" data-id=\"428ac5c\" data-element_type=\"section\" data-e-type=\"section\">\n\t\t\t\t\t\t<div class=\"elementor-container elementor-column-gap-default\">\n\t\t\t\t\t<div class=\"elementor-column elementor-col-100 elementor-top-column elementor-element elementor-element-d1bceee\" data-id=\"d1bceee\" data-element_type=\"column\" data-e-type=\"column\">\n\t\t\t<div class=\"elementor-widget-wrap elementor-element-populated\">\n\t\t\t\t\t\t<div class=\"elementor-element elementor-element-7383b5c elementor-widget elementor-widget-image\" data-id=\"7383b5c\" data-element_type=\"widget\" data-e-type=\"widget\" data-widget_type=\"image.default\">\n\t\t\t\t<div class=\"elementor-widget-container\">\n\t\t\t\t\t\t\t\t\t\t\t\t\t\t\t<img fetchpriority=\"high\" decoding=\"async\" width=\"1330\" height=\"494\" src=\"https:\/\/www.stellaboschilaguna.it\/wp-content\/uploads\/2022\/05\/Schermata-2022-05-19-alle-10.52.20.png\" class=\"attachment-full size-full wp-image-854\" alt=\"\" srcset=\"https:\/\/www.stellaboschilaguna.it\/wp-content\/uploads\/2022\/05\/Schermata-2022-05-19-alle-10.52.20.png 1330w, https:\/\/www.stellaboschilaguna.it\/wp-content\/uploads\/2022\/05\/Schermata-2022-05-19-alle-10.52.20-300x111.png 300w, https:\/\/www.stellaboschilaguna.it\/wp-content\/uploads\/2022\/05\/Schermata-2022-05-19-alle-10.52.20-1024x380.png 1024w, https:\/\/www.stellaboschilaguna.it\/wp-content\/uploads\/2022\/05\/Schermata-2022-05-19-alle-10.52.20-768x285.png 768w\" sizes=\"(max-width: 1330px) 100vw, 1330px\" \/>\t\t\t\t\t\t\t\t\t\t\t\t\t\t\t<\/div>\n\t\t\t\t<\/div>\n\t\t\t\t<section class=\"elementor-section elementor-inner-section elementor-element elementor-element-de1020f elementor-section-boxed elementor-section-height-default elementor-section-height-default\" data-id=\"de1020f\" data-element_type=\"section\" data-e-type=\"section\" data-settings=\"{&quot;background_background&quot;:&quot;classic&quot;}\">\n\t\t\t\t\t\t<div class=\"elementor-container elementor-column-gap-default\">\n\t\t\t\t\t<div class=\"elementor-column elementor-col-100 elementor-inner-column elementor-element elementor-element-65648b9\" data-id=\"65648b9\" data-element_type=\"column\" data-e-type=\"column\">\n\t\t\t<div class=\"elementor-widget-wrap elementor-element-populated\">\n\t\t\t\t\t\t<div class=\"elementor-element elementor-element-1c11441 elementor-widget elementor-widget-text-editor\" data-id=\"1c11441\" data-element_type=\"widget\" data-e-type=\"widget\" data-widget_type=\"text-editor.default\">\n\t\t\t\t<div class=\"elementor-widget-container\">\n\t\t\t\t\t\t\t\t\tInformativa sulla Privacy ai sensi del regolamento UE 2016\/679 sulla protezione dei dati personali (G.D.P.R.) e della direttiva Privacy ai fini del rilascio del consenso al trattamento dei dati personali.\t\t\t\t\t\t\t\t<\/div>\n\t\t\t\t<\/div>\n\t\t\t\t\t<\/div>\n\t\t<\/div>\n\t\t\t\t\t<\/div>\n\t\t<\/section>\n\t\t\t\t\t<\/div>\n\t\t<\/div>\n\t\t\t\t\t<\/div>\n\t\t<\/section>\n\t\t\t\t<section class=\"elementor-section elementor-top-section elementor-element elementor-element-dfa88b6 elementor-section-boxed elementor-section-height-default elementor-section-height-default\" data-id=\"dfa88b6\" data-element_type=\"section\" data-e-type=\"section\">\n\t\t\t\t\t\t<div class=\"elementor-container elementor-column-gap-default\">\n\t\t\t\t\t<div class=\"elementor-column elementor-col-100 elementor-top-column elementor-element elementor-element-c235e40\" data-id=\"c235e40\" data-element_type=\"column\" data-e-type=\"column\">\n\t\t\t<div class=\"elementor-widget-wrap elementor-element-populated\">\n\t\t\t\t\t\t<div class=\"elementor-element elementor-element-1b4d913 elementor-widget elementor-widget-spacer\" data-id=\"1b4d913\" data-element_type=\"widget\" data-e-type=\"widget\" data-widget_type=\"spacer.default\">\n\t\t\t\t<div class=\"elementor-widget-container\">\n\t\t\t\t\t\t\t<div class=\"elementor-spacer\">\n\t\t\t<div class=\"elementor-spacer-inner\"><\/div>\n\t\t<\/div>\n\t\t\t\t\t\t<\/div>\n\t\t\t\t<\/div>\n\t\t\t\t<div class=\"elementor-element elementor-element-ba4154e elementor-widget elementor-widget-text-editor\" data-id=\"ba4154e\" data-element_type=\"widget\" data-e-type=\"widget\" data-widget_type=\"text-editor.default\">\n\t\t\t\t<div class=\"elementor-widget-container\">\n\t\t\t\t\t\t\t\t\t<p><span style=\"color: var( --e-global-color-text ); font-family: var( --e-global-typography-text-font-family ), Sans-serif; font-size: var( --e-global-typography-text-font-size ); font-weight: var( --e-global-typography-text-font-weight );\">Ai sensi del Regolamento UE 679\/2016 (Regolamento Generale sulla protezione dei dati \u2013 cd. \u201cG.D.P.R.\u201d),&nbsp;<\/span><strong style=\"color: var( --e-global-color-text ); font-family: var( --e-global-typography-text-font-family ), Sans-serif; font-size: var( --e-global-typography-text-font-size );\">STAI Stella, Boschi, Laguna<\/strong><span style=\"color: var( --e-global-color-text ); font-family: var( --e-global-typography-text-font-family ), Sans-serif; font-size: var( --e-global-typography-text-font-size ); font-weight: var( --e-global-typography-text-font-weight );\">, titolare del trattamento, garantisce il rispetto della disciplina in materia di protezione dei dati personali . L\u2019informativa non \u00e8 da considerarsi valida per altri siti web eventualmente consultabili tramite links presenti sul nostro sito. Il titolare non \u00e8 da considerarsi in alcun modo responsabile dei siti internet dei terzi.<\/span><\/p>\n<p><strong>1. TITOLARE E LUOGO DEL TRATTAMENTO<\/strong><br>A seguito della consultazione di questo sito possono essere trattati dati relativi a persone identificate o identificabili.&nbsp;Il Titolare del trattamento \u00e8 il Comune di Muzzana del Turgnano, con sede in via Roma, 22, in persona del sindaco pro tempore Erica Zoratti<span style=\"color: var( --e-global-color-text ); font-family: var( --e-global-typography-text-font-family ), Sans-serif; font-size: var( --e-global-typography-text-font-size ); font-weight: var( --e-global-typography-text-font-weight );\">. I trattamenti connessi ai servizi web di questo sito hanno luogo presso la predetta sede del titolare. In caso di necessit\u00e0, i dati connessi al servizio possono essere trattati dal personale delle societ\u00e0 esterne che curano la manutenzione della parte tecnologica del sito.<\/span><\/p>\n<p><strong><br>2. SITI INTERNET E CANALI SOCIAL<\/strong><br>Tutte le presenti disposizioni sono riferite ad i siti internet e i canali social gestiti e\/o di propriet\u00e0 della scrivente.<\/p>\n<p><strong>3. TIPO DI DATI TRATTATI<\/strong><br><strong>Dati di navigazione<\/strong><br>I sistemi informatici e le procedure software preposte al funzionamento di questo sito web acquisiscono, nel corso del loro normale esercizio, alcuni dati la cui trasmissione \u00e8 implicita nell\u2019uso dei protocolli di comunicazione di Internet. Si tratta di informazioni che non sono raccolte per essere associate a interessati identificati, ma che per loro stessa natura potrebbero, attraverso elaborazioni ed associazioni con dati detenuti da terzi, permettere di identificare gli utenti. In questa categoria di dati rientrano gli indirizzi IP o i nomi a dominio dei computer utilizzati dagli utenti che si connettono al sito, gli indirizzi in notazione URI (Uniform Resource Identifier) delle risorse richieste, l\u2019orario della richiesta, il metodo utilizzato nel sottoporre la richiesta al server, la dimensione del file ottenuto in risposta, il codice numerico indicante lo stato della risposta data dal server (buon fine, errore, ecc.) ed altri parametri relativi al sistema operativo e all\u2019ambiente informatico dell\u2019utente. Questi dati vengono utilizzati al solo fine di ricavare informazioni statistiche anonime sull\u2019uso del sito e per controllarne il corretto funzionamento e vengono cancellati immediatamente dopo l\u2019elaborazione. I dati potrebbero essere utilizzati per l\u2019accertamento di responsabilit\u00e0 in caso di ipotetici reati informatici ai danni del sito.<\/p>\n<p><strong>Dati forniti volontariamente dagli utenti<\/strong><br>Il Titolare del trattamento tratter\u00e0 dati di natura personale, forniti attraverso moduli di richiesta. \u201cDati personali\u201d significa tutte quelle informazioni attraverso le quali l\u2019interessato pu\u00f2 essere personalmente identificato, ed includono, a titolo esemplificativo ma non esaustivo, il nome, il cognome, data di nascita, indirizzo, contatto e-mail e recapito telefonico. Il conferimento dei dati personali da parte degli utenti che volontariamente interagiscono con il Sito \u00e8 facoltativo. Tuttavia il loro mancato conferimento pu\u00f2 comportare l\u2019impossibilit\u00e0 di ottenere il servizio richiesto.<\/p>\n<p><strong><br>4. MODALIT\u00c0 E FINALITA\u2019 DEL TRATTAMENTO<\/strong><br>I dati personali forniti sul sito vengono utilizzati per rispondere alle richieste degli utenti, e, dietro esplicito consenso, per l\u2019invio di materiale informativo. I dati di navigazione, inoltre, vengono utilizzati per statistiche anonime. Il trattamento sar\u00e0 svolto in forma elettronica automatizzata, con modalit\u00e0 e strumenti volti a garantire la massima sicurezza e riservatezza, ad opera di soggetti a ci\u00f2 appositamente incaricati in ottemperanza a quanto previsto dal Regolamento UE 679\/2016. Essi saranno conservati presso le sedi del titolare o presso le sedi dei terzi di volta in volta identificati per dar seguito ai servizi da fornire per il tempo strettamente necessario per le finalit\u00e0 di cui sopra e comunque non eccedenti il periodo di tempo prescritto dalla legge.<\/p>\n<p><strong><br>5. FACOLTA\u2019 DEL CONFERIMENTO DEI DATI<\/strong><br>A parte quanto specificato per i dati di navigazione, l\u2019utente \u00e8 libero di fornire i dati personali riportati per l\u2019invio di comunicazioni. Il loro mancato conferimento pu\u00f2 comportare l\u2019impossibilit\u00e0 di ottenere quanto richiesto. Per completezza va ricordato che in alcuni casi (non oggetto dell\u2019ordinaria gestione di questo sito) l\u2019Autorit\u00e0 pu\u00f2 richiedere notizie e informazioni ai sensi dell\u2019articolo 157 del Codice in materia di protezione dei dati personali, ai fini del controllo sul trattamento dei dati personali. In questi casi la risposta \u00e8 obbligatoria a pena di sanzione amministrativa.<\/p>\n<p><strong><br>6. AMBITO DI DIFFUSIONE E COMUNICAZIONE DEI DATI<\/strong><br>I dati forniti attraverso i moduli non verranno ceduti a terzi, se non nel caso in cui ci\u00f2 sia a tal fine necessario. I dati di navigazione saranno, invece, utilizzati da partner terzi al solo fine di ricavare informazioni statistiche anonime sull\u2019uso del sito.<\/p>\n<p><strong><br>7. DIRITTI DEGLI INTERESSATI<\/strong><br>I soggetti cui si riferiscono i dati personali hanno il diritto in qualunque momento di ottenere la conferma dell\u2019esistenza o meno dei medesimi dati e di conoscerne il contenuto e l\u2019origine, verificarne l\u2019esattezza o chiederne l\u2019integrazione o l\u2019aggiornamento, oppure la rettifica. Hanno altres\u00ec il diritto di chiedere la cancellazione, la trasformazione in forma anonima o il blocco dei dati trattati in violazione di legge, nonch\u00e9 di opporsi in ogni caso, per motivi legittimi, al loro trattamento. Le richieste vanno rivolte al titolare del trattamento dati, STAI Stella, Boschi, Laguna scrivendo a:&nbsp;<a href=\"mailto:info@stellaboschilaguna.it\"><strong>info@stellaboschilaguna.it<\/strong><\/a><\/p>\n<p>Per rifiutare qualsiasi comunicazione via email da parte nostra, fai clic sul link in fondo alla nostra email.<\/p>\n<p><strong><br>8. MODIFICHE ALL\u2019INFORMATIVA SULLA PRIVACY<\/strong><br>STAI Stella, Boschi, Laguna si riserva il diritto di modificare, aggiornare, aggiungere o rimuovere parti della presente informativa sulla privacy a propria discrezione e in qualsiasi momento. L\u2019interessato \u00e8 tenuto a verificare periodicamente le eventuali modifiche alla presente pagina. L\u2019utilizzo del sito dopo la pubblicazione delle modifiche costituir\u00e0 accettazione delle stesse.<\/p>\t\t\t\t\t\t\t\t<\/div>\n\t\t\t\t<\/div>\n\t\t\t\t\t<\/div>\n\t\t<\/div>\n\t\t\t\t\t<\/div>\n\t\t<\/section>\n\t\t\t\t<\/div>\n\t\t","protected":false},"excerpt":{"rendered":"<p>Informativa sulla Privacy ai sensi del regolamento UE 2016\/679 sulla protezione dei dati personali (G.D.P.R.) e della direttiva Privacy ai fini del rilascio del consenso al trattamento dei dati personali. Ai sensi del Regolamento UE 679\/2016 (Regolamento Generale sulla protezione dei dati \u2013 cd. \u201cG.D.P.R.\u201d),\u00a0STAI Stella, Boschi, Laguna, titolare del trattamento, garantisce il rispetto della [&hellip;]<\/p>\n","protected":false},"author":1,"featured_media":0,"parent":0,"menu_order":0,"comment_status":"closed","ping_status":"closed","template":"","meta":{"_acf_changed":false,"footnotes":""},"class_list":["post-6457","page","type-page","status-publish","hentry"],"acf":[],"yoast_head":"<!-- This site is optimized with the Yoast SEO plugin v27.4 - https:\/\/yoast.com\/product\/yoast-seo-wordpress\/ -->\n<title>Privacy policy - Stella Boschi Laguna<\/title>\n<meta name=\"robots\" content=\"index, follow, max-snippet:-1, max-image-preview:large, max-video-preview:-1\" \/>\n<link rel=\"canonical\" href=\"https:\/\/www.stellaboschilaguna.it\/en\/privacy-policy\/\" \/>\n<meta property=\"og:locale\" content=\"en_US\" \/>\n<meta property=\"og:type\" content=\"article\" \/>\n<meta property=\"og:title\" content=\"Privacy policy - Stella Boschi Laguna\" \/>\n<meta property=\"og:description\" content=\"Informativa sulla Privacy ai sensi del regolamento UE 2016\/679 sulla protezione dei dati personali (G.D.P.R.) e della direttiva Privacy ai fini del rilascio del consenso al trattamento dei dati personali. Ai sensi del Regolamento UE 679\/2016 (Regolamento Generale sulla protezione dei dati \u2013 cd. \u201cG.D.P.R.\u201d),\u00a0STAI Stella, Boschi, Laguna, titolare del trattamento, garantisce il rispetto della [&hellip;]\" \/>\n<meta property=\"og:url\" content=\"https:\/\/www.stellaboschilaguna.it\/en\/privacy-policy\/\" \/>\n<meta property=\"og:site_name\" content=\"Stella Boschi Laguna\" \/>\n<meta property=\"article:publisher\" content=\"https:\/\/www.facebook.com\/stellaboschilaguna\" \/>\n<meta property=\"article:modified_time\" content=\"2023-09-26T13:29:46+00:00\" \/>\n<meta property=\"og:image\" content=\"https:\/\/www.stellaboschilaguna.it\/wp-content\/uploads\/2022\/05\/Schermata-2022-05-19-alle-10.52.20.png\" \/>\n<meta name=\"twitter:card\" content=\"summary_large_image\" \/>\n<meta name=\"twitter:label1\" content=\"Est. reading time\" \/>\n\t<meta name=\"twitter:data1\" content=\"6 minutes\" \/>\n<script type=\"application\/ld+json\" class=\"yoast-schema-graph\">{\"@context\":\"https:\\\/\\\/schema.org\",\"@graph\":[{\"@type\":\"WebPage\",\"@id\":\"https:\\\/\\\/www.stellaboschilaguna.it\\\/en\\\/privacy-policy\\\/\",\"url\":\"https:\\\/\\\/www.stellaboschilaguna.it\\\/en\\\/privacy-policy\\\/\",\"name\":\"Privacy policy - Stella Boschi Laguna\",\"isPartOf\":{\"@id\":\"https:\\\/\\\/www.stellaboschilaguna.it\\\/it\\\/#website\"},\"primaryImageOfPage\":{\"@id\":\"https:\\\/\\\/www.stellaboschilaguna.it\\\/en\\\/privacy-policy\\\/#primaryimage\"},\"image\":{\"@id\":\"https:\\\/\\\/www.stellaboschilaguna.it\\\/en\\\/privacy-policy\\\/#primaryimage\"},\"thumbnailUrl\":\"https:\\\/\\\/www.stellaboschilaguna.it\\\/wp-content\\\/uploads\\\/2022\\\/05\\\/Schermata-2022-05-19-alle-10.52.20.png\",\"datePublished\":\"2022-11-28T08:26:03+00:00\",\"dateModified\":\"2023-09-26T13:29:46+00:00\",\"breadcrumb\":{\"@id\":\"https:\\\/\\\/www.stellaboschilaguna.it\\\/en\\\/privacy-policy\\\/#breadcrumb\"},\"inLanguage\":\"en-US\",\"potentialAction\":[{\"@type\":\"ReadAction\",\"target\":[\"https:\\\/\\\/www.stellaboschilaguna.it\\\/en\\\/privacy-policy\\\/\"]}]},{\"@type\":\"ImageObject\",\"inLanguage\":\"en-US\",\"@id\":\"https:\\\/\\\/www.stellaboschilaguna.it\\\/en\\\/privacy-policy\\\/#primaryimage\",\"url\":\"https:\\\/\\\/www.stellaboschilaguna.it\\\/wp-content\\\/uploads\\\/2022\\\/05\\\/Schermata-2022-05-19-alle-10.52.20.png\",\"contentUrl\":\"https:\\\/\\\/www.stellaboschilaguna.it\\\/wp-content\\\/uploads\\\/2022\\\/05\\\/Schermata-2022-05-19-alle-10.52.20.png\"},{\"@type\":\"BreadcrumbList\",\"@id\":\"https:\\\/\\\/www.stellaboschilaguna.it\\\/en\\\/privacy-policy\\\/#breadcrumb\",\"itemListElement\":[{\"@type\":\"ListItem\",\"position\":1,\"name\":\"Home\",\"item\":\"https:\\\/\\\/www.stellaboschilaguna.it\\\/en\\\/\"},{\"@type\":\"ListItem\",\"position\":2,\"name\":\"Privacy policy\"}]},{\"@type\":\"WebSite\",\"@id\":\"https:\\\/\\\/www.stellaboschilaguna.it\\\/it\\\/#website\",\"url\":\"https:\\\/\\\/www.stellaboschilaguna.it\\\/it\\\/\",\"name\":\"Stella Boschi Laguna\",\"description\":\"Un percorso cicloturistico, enogastronomico e naturalistico\",\"publisher\":{\"@id\":\"https:\\\/\\\/www.stellaboschilaguna.it\\\/it\\\/#organization\"},\"potentialAction\":[{\"@type\":\"SearchAction\",\"target\":{\"@type\":\"EntryPoint\",\"urlTemplate\":\"https:\\\/\\\/www.stellaboschilaguna.it\\\/it\\\/?s={search_term_string}\"},\"query-input\":{\"@type\":\"PropertyValueSpecification\",\"valueRequired\":true,\"valueName\":\"search_term_string\"}}],\"inLanguage\":\"en-US\"},{\"@type\":\"Organization\",\"@id\":\"https:\\\/\\\/www.stellaboschilaguna.it\\\/it\\\/#organization\",\"name\":\"Stella Boschi Laguna\",\"url\":\"https:\\\/\\\/www.stellaboschilaguna.it\\\/it\\\/\",\"logo\":{\"@type\":\"ImageObject\",\"inLanguage\":\"en-US\",\"@id\":\"https:\\\/\\\/www.stellaboschilaguna.it\\\/it\\\/#\\\/schema\\\/logo\\\/image\\\/\",\"url\":\"https:\\\/\\\/www.stellaboschilaguna.it\\\/wp-content\\\/uploads\\\/2022\\\/05\\\/cropped-stai-logo.png\",\"contentUrl\":\"https:\\\/\\\/www.stellaboschilaguna.it\\\/wp-content\\\/uploads\\\/2022\\\/05\\\/cropped-stai-logo.png\",\"width\":350,\"height\":152,\"caption\":\"Stella Boschi Laguna\"},\"image\":{\"@id\":\"https:\\\/\\\/www.stellaboschilaguna.it\\\/it\\\/#\\\/schema\\\/logo\\\/image\\\/\"},\"sameAs\":[\"https:\\\/\\\/www.facebook.com\\\/stellaboschilaguna\",\"https:\\\/\\\/www.instagram.com\\\/stellaboschilaguna\\\/\",\"https:\\\/\\\/www.youtube.com\\\/channel\\\/UCpVVq2T57dxv_AUp0rMdKow\\\/about\"]}]}<\/script>\n<!-- \/ Yoast SEO plugin. -->","yoast_head_json":{"title":"Privacy policy - Stella Boschi Laguna","robots":{"index":"index","follow":"follow","max-snippet":"max-snippet:-1","max-image-preview":"max-image-preview:large","max-video-preview":"max-video-preview:-1"},"canonical":"https:\/\/www.stellaboschilaguna.it\/en\/privacy-policy\/","og_locale":"en_US","og_type":"article","og_title":"Privacy policy - Stella Boschi Laguna","og_description":"Informativa sulla Privacy ai sensi del regolamento UE 2016\/679 sulla protezione dei dati personali (G.D.P.R.) e della direttiva Privacy ai fini del rilascio del consenso al trattamento dei dati personali. Ai sensi del Regolamento UE 679\/2016 (Regolamento Generale sulla protezione dei dati \u2013 cd. \u201cG.D.P.R.\u201d),\u00a0STAI Stella, Boschi, Laguna, titolare del trattamento, garantisce il rispetto della [&hellip;]","og_url":"https:\/\/www.stellaboschilaguna.it\/en\/privacy-policy\/","og_site_name":"Stella Boschi Laguna","article_publisher":"https:\/\/www.facebook.com\/stellaboschilaguna","article_modified_time":"2023-09-26T13:29:46+00:00","og_image":[{"url":"https:\/\/www.stellaboschilaguna.it\/wp-content\/uploads\/2022\/05\/Schermata-2022-05-19-alle-10.52.20.png","type":"","width":"","height":""}],"twitter_card":"summary_large_image","twitter_misc":{"Est. reading time":"6 minutes"},"schema":{"@context":"https:\/\/schema.org","@graph":[{"@type":"WebPage","@id":"https:\/\/www.stellaboschilaguna.it\/en\/privacy-policy\/","url":"https:\/\/www.stellaboschilaguna.it\/en\/privacy-policy\/","name":"Privacy policy - Stella Boschi Laguna","isPartOf":{"@id":"https:\/\/www.stellaboschilaguna.it\/it\/#website"},"primaryImageOfPage":{"@id":"https:\/\/www.stellaboschilaguna.it\/en\/privacy-policy\/#primaryimage"},"image":{"@id":"https:\/\/www.stellaboschilaguna.it\/en\/privacy-policy\/#primaryimage"},"thumbnailUrl":"https:\/\/www.stellaboschilaguna.it\/wp-content\/uploads\/2022\/05\/Schermata-2022-05-19-alle-10.52.20.png","datePublished":"2022-11-28T08:26:03+00:00","dateModified":"2023-09-26T13:29:46+00:00","breadcrumb":{"@id":"https:\/\/www.stellaboschilaguna.it\/en\/privacy-policy\/#breadcrumb"},"inLanguage":"en-US","potentialAction":[{"@type":"ReadAction","target":["https:\/\/www.stellaboschilaguna.it\/en\/privacy-policy\/"]}]},{"@type":"ImageObject","inLanguage":"en-US","@id":"https:\/\/www.stellaboschilaguna.it\/en\/privacy-policy\/#primaryimage","url":"https:\/\/www.stellaboschilaguna.it\/wp-content\/uploads\/2022\/05\/Schermata-2022-05-19-alle-10.52.20.png","contentUrl":"https:\/\/www.stellaboschilaguna.it\/wp-content\/uploads\/2022\/05\/Schermata-2022-05-19-alle-10.52.20.png"},{"@type":"BreadcrumbList","@id":"https:\/\/www.stellaboschilaguna.it\/en\/privacy-policy\/#breadcrumb","itemListElement":[{"@type":"ListItem","position":1,"name":"Home","item":"https:\/\/www.stellaboschilaguna.it\/en\/"},{"@type":"ListItem","position":2,"name":"Privacy policy"}]},{"@type":"WebSite","@id":"https:\/\/www.stellaboschilaguna.it\/it\/#website","url":"https:\/\/www.stellaboschilaguna.it\/it\/","name":"Stella Boschi Laguna","description":"Un percorso cicloturistico, enogastronomico e naturalistico","publisher":{"@id":"https:\/\/www.stellaboschilaguna.it\/it\/#organization"},"potentialAction":[{"@type":"SearchAction","target":{"@type":"EntryPoint","urlTemplate":"https:\/\/www.stellaboschilaguna.it\/it\/?s={search_term_string}"},"query-input":{"@type":"PropertyValueSpecification","valueRequired":true,"valueName":"search_term_string"}}],"inLanguage":"en-US"},{"@type":"Organization","@id":"https:\/\/www.stellaboschilaguna.it\/it\/#organization","name":"Stella Boschi Laguna","url":"https:\/\/www.stellaboschilaguna.it\/it\/","logo":{"@type":"ImageObject","inLanguage":"en-US","@id":"https:\/\/www.stellaboschilaguna.it\/it\/#\/schema\/logo\/image\/","url":"https:\/\/www.stellaboschilaguna.it\/wp-content\/uploads\/2022\/05\/cropped-stai-logo.png","contentUrl":"https:\/\/www.stellaboschilaguna.it\/wp-content\/uploads\/2022\/05\/cropped-stai-logo.png","width":350,"height":152,"caption":"Stella Boschi Laguna"},"image":{"@id":"https:\/\/www.stellaboschilaguna.it\/it\/#\/schema\/logo\/image\/"},"sameAs":["https:\/\/www.facebook.com\/stellaboschilaguna","https:\/\/www.instagram.com\/stellaboschilaguna\/","https:\/\/www.youtube.com\/channel\/UCpVVq2T57dxv_AUp0rMdKow\/about"]}]}},"_links":{"self":[{"href":"https:\/\/www.stellaboschilaguna.it\/en\/wp-json\/wp\/v2\/pages\/6457","targetHints":{"allow":["GET"]}}],"collection":[{"href":"https:\/\/www.stellaboschilaguna.it\/en\/wp-json\/wp\/v2\/pages"}],"about":[{"href":"https:\/\/www.stellaboschilaguna.it\/en\/wp-json\/wp\/v2\/types\/page"}],"author":[{"embeddable":true,"href":"https:\/\/www.stellaboschilaguna.it\/en\/wp-json\/wp\/v2\/users\/1"}],"replies":[{"embeddable":true,"href":"https:\/\/www.stellaboschilaguna.it\/en\/wp-json\/wp\/v2\/comments?post=6457"}],"version-history":[{"count":1,"href":"https:\/\/www.stellaboschilaguna.it\/en\/wp-json\/wp\/v2\/pages\/6457\/revisions"}],"predecessor-version":[{"id":6458,"href":"https:\/\/www.stellaboschilaguna.it\/en\/wp-json\/wp\/v2\/pages\/6457\/revisions\/6458"}],"wp:attachment":[{"href":"https:\/\/www.stellaboschilaguna.it\/en\/wp-json\/wp\/v2\/media?parent=6457"}],"curies":[{"name":"wp","href":"https:\/\/api.w.org\/{rel}","templated":true}]}}